{"id":6829,"date":"2023-09-26T08:02:21","date_gmt":"2023-09-26T08:02:21","guid":{"rendered":"https:\/\/www.mobilier-design-occasion.fr\/magazine\/?page_id=6829"},"modified":"2023-09-26T08:10:45","modified_gmt":"2023-09-26T08:10:45","slug":"a-propos-de-nous","status":"publish","type":"page","link":"https:\/\/www.mobilier-design-occasion.fr\/magazine\/a-propos-de-nous\/","title":{"rendered":"A propos de nous"},"content":{"rendered":"\n<p>Chez Mobilier Design, nous pr\u00e9f\u00e9rons les actions concr\u00e8tes aux r\u00e9solutions intenables de d\u00e9but d\u2019ann\u00e9e. Depuis 10 ans, gr\u00e2ce \u00e0 vous, nous sommes un\u00a0<strong>acteur incontournable sur le march\u00e9 du mobilier d\u2019occasion<\/strong>. Plus de 10 883\u00a0pi\u00e8ces ont \u00e9t\u00e9 vendues et ont trouv\u00e9 un nouveau foyer. C\u2019est justement cette notion de transmission que nous mettons au centre de nos valeurs parce que\u00a0<strong>les belles choses vivent \u00e9ternellement<\/strong>. Derri\u00e8re ces articles d\u2019exception se cachent souvent des personnes d\u2019exceptions qui ont\u00a0travaill\u00e9, aim\u00e9 et racont\u00e9 une histoire autour du produit. Nous souhaitons donc contribuer \u00e0 la continuit\u00e9 de cette histoire en donnant\u00a0<strong>une seconde vie<\/strong>\u00a0\u00e0 ce\u00a0<strong>mobilier vintage<\/strong>.\u00a0<\/p>\n\n\n\n<figure class=\"wp-block-image size-full\"><img loading=\"lazy\" decoding=\"async\" width=\"535\" height=\"528\" src=\"https:\/\/www.mobilier-design-occasion.fr\/magazine\/wp-content\/uploads\/2023\/09\/image-2.png\" alt=\"\" class=\"wp-image-6836\" srcset=\"https:\/\/www.mobilier-design-occasion.fr\/magazine\/wp-content\/uploads\/2023\/09\/image-2.png 535w, https:\/\/www.mobilier-design-occasion.fr\/magazine\/wp-content\/uploads\/2023\/09\/image-2-300x296.png 300w\" sizes=\"auto, (max-width: 535px) 100vw, 535px\" \/><\/figure>\n\n\n\n<p>Le catalogue de Mobilier Design est une&nbsp;<strong>s\u00e9lection unique<\/strong>&nbsp;de meubles design et vintage.&nbsp; Cette s\u00e9lection est minutieusement travaill\u00e9e par notre \u00e9quipe professionnelle qui filtre et analyse avec soin quotidiennement chaque annonce d\u00e9pos\u00e9e sur notre marketplace.&nbsp;<\/p>\n\n\n\n<p>Et parce que nous vous transmettons et partageons&nbsp;<strong>notre passion pour le design d\u2019occasion<\/strong>&nbsp;avec ambition et pragmatisme, nous vous accompagnons pour&nbsp;vendre, s\u00e9lectionner, r\u00eaver et acheter la pi\u00e8ce design de vos r\u00eaves et \u00e0 la hauteur de vos attentes.&nbsp;<\/p>\n\n\n\n<p>Inscrirez-vous \u00e0 la newsletter ou&nbsp;<strong>visitez&nbsp;<a href=\"https:\/\/www.mobilier-design-occasion.fr\/magazine\/category\/lit-cabane\/\">notre&nbsp;blog<\/a>&nbsp;<\/strong>pour aller encore plus loin,&nbsp;d\u00e9crypter les tendances, apprendre \u00e0 mieux conna\u00eetre les designers et le mobilier design vintage.&nbsp;<\/p>\n\n\n\n<p>Au sein de Mobilier Design, nous sommes des<strong>&nbsp;passionn\u00e9s<\/strong>&nbsp;et&nbsp;de nature optimiste.&nbsp;Nous croyons profond\u00e9ment en l\u2019Humain et au fait&nbsp;que tous ensemble nous allons pouvoir&nbsp;<strong>changer le monde<\/strong>. Nos sommes convaincus que nos&nbsp;valeurs et nos actions pour l\u2019environnement vont en inspirer bon nombre d\u2019entre vous. Assur\u00e9ment, cette ann\u00e9e et les suivantes, collectivement et individuellement, nous faisons preuve de plus de solidarit\u00e9 en posant les fondations du monde de demain.&nbsp;<\/p>\n\n\n\n<p><strong>#Confiance&nbsp;<\/strong><\/p>\n\n\n\n<p>Mobilier Design d\u2019occasion ce sont 25 000 annonces, 2&nbsp;200 marques, plus de 2 300 designers et une \u00e9quipe exp\u00e9riment\u00e9e, passionn\u00e9e par le design et la d\u00e9coration d\u2019int\u00e9rieur.&nbsp;<\/p>\n\n\n\n<p><strong>#Qualit\u00e9&nbsp;<\/strong><\/p>\n\n\n\n<p>Chaque annonce est v\u00e9rifi\u00e9e avec soin par notre \u00e9quipe sp\u00e9cialis\u00e9e dans le design et le vintage du XXe si\u00e8cle. Seuls les designers reconnus ont la place sur ce site.&nbsp;<\/p>\n\n\n\n<p><strong>#Ecologie&nbsp;<\/strong><\/p>\n\n\n\n<p>En vendant ou en achetant sur Mobilier Design vous contribuez \u00e0 l&#8217;\u00e9conomie circulaire en participant \u00e0 une alternative responsable qui donne une seconde vie \u00e0 des milliers de meubles.&nbsp;<\/p>\n","protected":false},"excerpt":{"rendered":"<p>Chez Mobilier Design, nous pr\u00e9f\u00e9rons les actions concr\u00e8tes aux r\u00e9solutions intenables de d\u00e9but d\u2019ann\u00e9e. Depuis 10 ans, gr\u00e2ce \u00e0 vous, nous sommes un\u00a0acteur incontournable sur le march\u00e9 du mobilier d\u2019occasion. Plus de 10 883\u00a0pi\u00e8ces ont \u00e9t\u00e9 vendues et ont trouv\u00e9 un nouveau foyer. C\u2019est justement cette notion de transmission que nous mettons au centre de [&hellip;]<\/p>\n","protected":false},"author":2,"featured_media":0,"parent":0,"menu_order":0,"comment_status":"closed","ping_status":"closed","template":"","meta":{"footnotes":""},"class_list":["post-6829","page","type-page","status-publish","hentry"],"yoast_head":"<!-- This site is optimized with the Yoast SEO plugin v27.3 - https:\/\/yoast.com\/product\/yoast-seo-wordpress\/ -->\n<title>A propos de nous - Mobilier Design Magazine<\/title>\n<meta name=\"robots\" content=\"index, follow, max-snippet:-1, max-image-preview:large, max-video-preview:-1\" \/>\n<link rel=\"canonical\" href=\"https:\/\/www.mobilier-design-occasion.fr\/magazine\/a-propos-de-nous\/\" \/>\n<meta property=\"og:locale\" content=\"fr_FR\" \/>\n<meta property=\"og:type\" content=\"article\" \/>\n<meta property=\"og:title\" content=\"A propos de nous - Mobilier Design Magazine\" \/>\n<meta property=\"og:description\" content=\"Chez Mobilier Design, nous pr\u00e9f\u00e9rons les actions concr\u00e8tes aux r\u00e9solutions intenables de d\u00e9but d\u2019ann\u00e9e. Depuis 10 ans, gr\u00e2ce \u00e0 vous, nous sommes un\u00a0acteur incontournable sur le march\u00e9 du mobilier d\u2019occasion. Plus de 10 883\u00a0pi\u00e8ces ont \u00e9t\u00e9 vendues et ont trouv\u00e9 un nouveau foyer. C\u2019est justement cette notion de transmission que nous mettons au centre de [&hellip;]\" \/>\n<meta property=\"og:url\" content=\"https:\/\/www.mobilier-design-occasion.fr\/magazine\/a-propos-de-nous\/\" \/>\n<meta property=\"og:site_name\" content=\"Mobilier Design Magazine\" \/>\n<meta property=\"article:publisher\" content=\"https:\/\/www.facebook.com\/mobilierdesignoccasion\" \/>\n<meta property=\"article:modified_time\" content=\"2023-09-26T08:10:45+00:00\" \/>\n<meta property=\"og:image\" content=\"https:\/\/www.mobilier-design-occasion.fr\/magazine\/wp-content\/uploads\/2023\/09\/image-2.png\" \/>\n<meta name=\"twitter:card\" content=\"summary_large_image\" \/>\n<meta name=\"twitter:label1\" content=\"Dur\u00e9e de lecture estim\u00e9e\" \/>\n\t<meta name=\"twitter:data1\" content=\"2 minutes\" \/>\n<script type=\"application\/ld+json\" class=\"yoast-schema-graph\">{\"@context\":\"https:\\\/\\\/schema.org\",\"@graph\":[{\"@type\":\"WebPage\",\"@id\":\"https:\\\/\\\/www.mobilier-design-occasion.fr\\\/magazine\\\/a-propos-de-nous\\\/\",\"url\":\"https:\\\/\\\/www.mobilier-design-occasion.fr\\\/magazine\\\/a-propos-de-nous\\\/\",\"name\":\"A propos de nous - Mobilier Design Magazine\",\"isPartOf\":{\"@id\":\"https:\\\/\\\/www.mobilier-design-occasion.fr\\\/magazine\\\/#website\"},\"primaryImageOfPage\":{\"@id\":\"https:\\\/\\\/www.mobilier-design-occasion.fr\\\/magazine\\\/a-propos-de-nous\\\/#primaryimage\"},\"image\":{\"@id\":\"https:\\\/\\\/www.mobilier-design-occasion.fr\\\/magazine\\\/a-propos-de-nous\\\/#primaryimage\"},\"thumbnailUrl\":\"https:\\\/\\\/www.mobilier-design-occasion.fr\\\/magazine\\\/wp-content\\\/uploads\\\/2023\\\/09\\\/image-2.png\",\"datePublished\":\"2023-09-26T08:02:21+00:00\",\"dateModified\":\"2023-09-26T08:10:45+00:00\",\"breadcrumb\":{\"@id\":\"https:\\\/\\\/www.mobilier-design-occasion.fr\\\/magazine\\\/a-propos-de-nous\\\/#breadcrumb\"},\"inLanguage\":\"fr-FR\",\"potentialAction\":[{\"@type\":\"ReadAction\",\"target\":[\"https:\\\/\\\/www.mobilier-design-occasion.fr\\\/magazine\\\/a-propos-de-nous\\\/\"]}]},{\"@type\":\"ImageObject\",\"inLanguage\":\"fr-FR\",\"@id\":\"https:\\\/\\\/www.mobilier-design-occasion.fr\\\/magazine\\\/a-propos-de-nous\\\/#primaryimage\",\"url\":\"https:\\\/\\\/www.mobilier-design-occasion.fr\\\/magazine\\\/wp-content\\\/uploads\\\/2023\\\/09\\\/image-2.png\",\"contentUrl\":\"https:\\\/\\\/www.mobilier-design-occasion.fr\\\/magazine\\\/wp-content\\\/uploads\\\/2023\\\/09\\\/image-2.png\",\"width\":535,\"height\":528},{\"@type\":\"BreadcrumbList\",\"@id\":\"https:\\\/\\\/www.mobilier-design-occasion.fr\\\/magazine\\\/a-propos-de-nous\\\/#breadcrumb\",\"itemListElement\":[{\"@type\":\"ListItem\",\"position\":1,\"name\":\"Accueil\",\"item\":\"https:\\\/\\\/www.mobilier-design-occasion.fr\\\/magazine\\\/\"},{\"@type\":\"ListItem\",\"position\":2,\"name\":\"A propos de nous\"}]},{\"@type\":\"WebSite\",\"@id\":\"https:\\\/\\\/www.mobilier-design-occasion.fr\\\/magazine\\\/#website\",\"url\":\"https:\\\/\\\/www.mobilier-design-occasion.fr\\\/magazine\\\/\",\"name\":\"Mobilier Design Magazine\",\"description\":\"\",\"publisher\":{\"@id\":\"https:\\\/\\\/www.mobilier-design-occasion.fr\\\/magazine\\\/#organization\"},\"potentialAction\":[{\"@type\":\"SearchAction\",\"target\":{\"@type\":\"EntryPoint\",\"urlTemplate\":\"https:\\\/\\\/www.mobilier-design-occasion.fr\\\/magazine\\\/?s={search_term_string}\"},\"query-input\":{\"@type\":\"PropertyValueSpecification\",\"valueRequired\":true,\"valueName\":\"search_term_string\"}}],\"inLanguage\":\"fr-FR\"},{\"@type\":\"Organization\",\"@id\":\"https:\\\/\\\/www.mobilier-design-occasion.fr\\\/magazine\\\/#organization\",\"name\":\"Mobilier Design Magazine\",\"url\":\"https:\\\/\\\/www.mobilier-design-occasion.fr\\\/magazine\\\/\",\"logo\":{\"@type\":\"ImageObject\",\"inLanguage\":\"fr-FR\",\"@id\":\"https:\\\/\\\/www.mobilier-design-occasion.fr\\\/magazine\\\/#\\\/schema\\\/logo\\\/image\\\/\",\"url\":\"https:\\\/\\\/www.mobilier-design-occasion.fr\\\/magazine\\\/wp-content\\\/uploads\\\/2024\\\/02\\\/android-chrome-192x192-1.png\",\"contentUrl\":\"https:\\\/\\\/www.mobilier-design-occasion.fr\\\/magazine\\\/wp-content\\\/uploads\\\/2024\\\/02\\\/android-chrome-192x192-1.png\",\"width\":192,\"height\":192,\"caption\":\"Mobilier Design Magazine\"},\"image\":{\"@id\":\"https:\\\/\\\/www.mobilier-design-occasion.fr\\\/magazine\\\/#\\\/schema\\\/logo\\\/image\\\/\"},\"sameAs\":[\"https:\\\/\\\/www.facebook.com\\\/mobilierdesignoccasion\"]}]}<\/script>\n<!-- \/ Yoast SEO plugin. -->","yoast_head_json":{"title":"A propos de nous - Mobilier Design Magazine","robots":{"index":"index","follow":"follow","max-snippet":"max-snippet:-1","max-image-preview":"max-image-preview:large","max-video-preview":"max-video-preview:-1"},"canonical":"https:\/\/www.mobilier-design-occasion.fr\/magazine\/a-propos-de-nous\/","og_locale":"fr_FR","og_type":"article","og_title":"A propos de nous - Mobilier Design Magazine","og_description":"Chez Mobilier Design, nous pr\u00e9f\u00e9rons les actions concr\u00e8tes aux r\u00e9solutions intenables de d\u00e9but d\u2019ann\u00e9e. Depuis 10 ans, gr\u00e2ce \u00e0 vous, nous sommes un\u00a0acteur incontournable sur le march\u00e9 du mobilier d\u2019occasion. Plus de 10 883\u00a0pi\u00e8ces ont \u00e9t\u00e9 vendues et ont trouv\u00e9 un nouveau foyer. C\u2019est justement cette notion de transmission que nous mettons au centre de [&hellip;]","og_url":"https:\/\/www.mobilier-design-occasion.fr\/magazine\/a-propos-de-nous\/","og_site_name":"Mobilier Design Magazine","article_publisher":"https:\/\/www.facebook.com\/mobilierdesignoccasion","article_modified_time":"2023-09-26T08:10:45+00:00","og_image":[{"url":"https:\/\/www.mobilier-design-occasion.fr\/magazine\/wp-content\/uploads\/2023\/09\/image-2.png","type":"","width":"","height":""}],"twitter_card":"summary_large_image","twitter_misc":{"Dur\u00e9e de lecture estim\u00e9e":"2 minutes"},"schema":{"@context":"https:\/\/schema.org","@graph":[{"@type":"WebPage","@id":"https:\/\/www.mobilier-design-occasion.fr\/magazine\/a-propos-de-nous\/","url":"https:\/\/www.mobilier-design-occasion.fr\/magazine\/a-propos-de-nous\/","name":"A propos de nous - Mobilier Design Magazine","isPartOf":{"@id":"https:\/\/www.mobilier-design-occasion.fr\/magazine\/#website"},"primaryImageOfPage":{"@id":"https:\/\/www.mobilier-design-occasion.fr\/magazine\/a-propos-de-nous\/#primaryimage"},"image":{"@id":"https:\/\/www.mobilier-design-occasion.fr\/magazine\/a-propos-de-nous\/#primaryimage"},"thumbnailUrl":"https:\/\/www.mobilier-design-occasion.fr\/magazine\/wp-content\/uploads\/2023\/09\/image-2.png","datePublished":"2023-09-26T08:02:21+00:00","dateModified":"2023-09-26T08:10:45+00:00","breadcrumb":{"@id":"https:\/\/www.mobilier-design-occasion.fr\/magazine\/a-propos-de-nous\/#breadcrumb"},"inLanguage":"fr-FR","potentialAction":[{"@type":"ReadAction","target":["https:\/\/www.mobilier-design-occasion.fr\/magazine\/a-propos-de-nous\/"]}]},{"@type":"ImageObject","inLanguage":"fr-FR","@id":"https:\/\/www.mobilier-design-occasion.fr\/magazine\/a-propos-de-nous\/#primaryimage","url":"https:\/\/www.mobilier-design-occasion.fr\/magazine\/wp-content\/uploads\/2023\/09\/image-2.png","contentUrl":"https:\/\/www.mobilier-design-occasion.fr\/magazine\/wp-content\/uploads\/2023\/09\/image-2.png","width":535,"height":528},{"@type":"BreadcrumbList","@id":"https:\/\/www.mobilier-design-occasion.fr\/magazine\/a-propos-de-nous\/#breadcrumb","itemListElement":[{"@type":"ListItem","position":1,"name":"Accueil","item":"https:\/\/www.mobilier-design-occasion.fr\/magazine\/"},{"@type":"ListItem","position":2,"name":"A propos de nous"}]},{"@type":"WebSite","@id":"https:\/\/www.mobilier-design-occasion.fr\/magazine\/#website","url":"https:\/\/www.mobilier-design-occasion.fr\/magazine\/","name":"Mobilier Design Magazine","description":"","publisher":{"@id":"https:\/\/www.mobilier-design-occasion.fr\/magazine\/#organization"},"potentialAction":[{"@type":"SearchAction","target":{"@type":"EntryPoint","urlTemplate":"https:\/\/www.mobilier-design-occasion.fr\/magazine\/?s={search_term_string}"},"query-input":{"@type":"PropertyValueSpecification","valueRequired":true,"valueName":"search_term_string"}}],"inLanguage":"fr-FR"},{"@type":"Organization","@id":"https:\/\/www.mobilier-design-occasion.fr\/magazine\/#organization","name":"Mobilier Design Magazine","url":"https:\/\/www.mobilier-design-occasion.fr\/magazine\/","logo":{"@type":"ImageObject","inLanguage":"fr-FR","@id":"https:\/\/www.mobilier-design-occasion.fr\/magazine\/#\/schema\/logo\/image\/","url":"https:\/\/www.mobilier-design-occasion.fr\/magazine\/wp-content\/uploads\/2024\/02\/android-chrome-192x192-1.png","contentUrl":"https:\/\/www.mobilier-design-occasion.fr\/magazine\/wp-content\/uploads\/2024\/02\/android-chrome-192x192-1.png","width":192,"height":192,"caption":"Mobilier Design Magazine"},"image":{"@id":"https:\/\/www.mobilier-design-occasion.fr\/magazine\/#\/schema\/logo\/image\/"},"sameAs":["https:\/\/www.facebook.com\/mobilierdesignoccasion"]}]}},"_links":{"self":[{"href":"https:\/\/www.mobilier-design-occasion.fr\/magazine\/wp-json\/wp\/v2\/pages\/6829","targetHints":{"allow":["GET"]}}],"collection":[{"href":"https:\/\/www.mobilier-design-occasion.fr\/magazine\/wp-json\/wp\/v2\/pages"}],"about":[{"href":"https:\/\/www.mobilier-design-occasion.fr\/magazine\/wp-json\/wp\/v2\/types\/page"}],"author":[{"embeddable":true,"href":"https:\/\/www.mobilier-design-occasion.fr\/magazine\/wp-json\/wp\/v2\/users\/2"}],"replies":[{"embeddable":true,"href":"https:\/\/www.mobilier-design-occasion.fr\/magazine\/wp-json\/wp\/v2\/comments?post=6829"}],"version-history":[{"count":3,"href":"https:\/\/www.mobilier-design-occasion.fr\/magazine\/wp-json\/wp\/v2\/pages\/6829\/revisions"}],"predecessor-version":[{"id":6837,"href":"https:\/\/www.mobilier-design-occasion.fr\/magazine\/wp-json\/wp\/v2\/pages\/6829\/revisions\/6837"}],"wp:attachment":[{"href":"https:\/\/www.mobilier-design-occasion.fr\/magazine\/wp-json\/wp\/v2\/media?parent=6829"}],"curies":[{"name":"wp","href":"https:\/\/api.w.org\/{rel}","templated":true}]}}