{"id":6819,"date":"2023-09-26T07:37:12","date_gmt":"2023-09-26T07:37:12","guid":{"rendered":"https:\/\/www.mobilier-design-occasion.fr\/magazine\/?page_id=6819"},"modified":"2023-09-26T07:37:13","modified_gmt":"2023-09-26T07:37:13","slug":"mentions-legales","status":"publish","type":"page","link":"https:\/\/www.mobilier-design-occasion.fr\/magazine\/mentions-legales\/","title":{"rendered":"Mentions L\u00e9gales"},"content":{"rendered":"\n<h1 class=\"wp-block-heading\">CONDITIONS G\u00c9N\u00c9RALES D&#8217;UTILISATION ET DE DIFFUSION DU SITE WWW.MOBILIER-DESIGN-OCCASION.FR<\/h1>\n\n\n\n<h4 class=\"wp-block-heading\">Informations l\u00e9gales<\/h4>\n\n\n\n<p><strong>Editeur :<\/strong><br>Le site www.mobilier-design-occasion.fr est \u00e9dit\u00e9 par TOP ASSETS SRL&nbsp;au capital de 50 000 euros<br>TVA BE 0678.995.347<br>Adresse du si\u00e8ge social : rue du planois. 7090 Braine-le-comte.<br>Contact :&nbsp;<a href=\"https:\/\/www.mobilier-design-occasion.fr\/contact-us.html\">https:\/\/www.mobilier-design-occasion.fr\/contact-us.html<\/a><\/p>\n\n\n\n<p><strong>H\u00e9bergement : Ionos<\/strong><\/p>\n\n\n\n<p>Adresse du si\u00e8ge social : 7 Place de la Gare, 57200 Sarreguemines, France<\/p>\n\n\n\n<p>Conditions g\u00e9n\u00e9rales d&#8217;utilisation<\/p>\n\n\n\n<h4 class=\"wp-block-heading\">1. Description<\/h4>\n\n\n\n<p>Le site&nbsp;<a href=\"http:\/\/www.mobilier-design-occasion.fr\/\">www.mobilier-design-occasion.fr<\/a>&nbsp;permet de publier des petites annonces d&#8217;objets, de mobilier et d&#8217;objets d&#8217;art destin\u00e9es aux particuliers et aux professionnels.<br>Le d\u00e9pot d&#8217;annonce est gratuit.<br>La consultation des annonces est gratuite.<br>La r\u00e9daction du site se r\u00e9serve le droit de ne pas publier ou de retirer sans pr\u00e9avis les annonces propos\u00e9es sur son site.<\/p>\n\n\n\n<h4 class=\"wp-block-heading\">2. Acceptation des conditions d\u2019utilisation<\/h4>\n\n\n\n<p>L&#8217;acc\u00e8s au site, sa consultation et son utilisation emporte l&#8217;acceptation des conditions g\u00e9n\u00e9rales d\u2019utilisation de www.mobilier-design-occasion.fr, dans le cas contraire, l&#8217;utilisateur doit s&#8217;abstenir d\u2019utiliser ce site.<\/p>\n\n\n\n<h4 class=\"wp-block-heading\">3. Obligations<\/h4>\n\n\n\n<p>L\u2019utilisateur s&#8217;engage \u00e0 ne pas intervenir sur le site \u00e0 l&#8217;aide de logiciels permettant d&#8217;extraire ou reproduire les \u00e9l\u00e9ments du site ou la base de donn\u00e9es du site.<br>Il s&#8217;engage \u00e0 respecter le code de la propri\u00e9t\u00e9 intellectuelle.<\/p>\n\n\n\n<h4 class=\"wp-block-heading\">4. Contenu illicite<\/h4>\n\n\n\n<p>Dans le cas de contenu illicite, l&#8217;utilisateur contactera la soci\u00e9t\u00e9 Top Assets SRL (<a href=\"https:\/\/www.mobilier-design-occasion.fr\/contact-us.html\">https:\/\/www.mobilier-design-occasion.fr\/contact-us.html<\/a>)&nbsp;en expliquant les raisons du probl\u00e8me.<br>Top Assets retirera les contenus illicites. Le fait de pr\u00e9senter un contenu illicite peut engager la responsabilit\u00e9 p\u00e9nale de l&#8217;utilisateur.<\/p>\n\n\n\n<h4 class=\"wp-block-heading\">5. Responsabilit\u00e9<\/h4>\n\n\n\n<p>La soci\u00e9t\u00e9 Top Assets ne peut \u00eatre tenu pour responsable pour la diffusion de photos ou de texte dans la mesure o\u00f9 l&#8217;utilisateur affirme avoir les droits de diffusion.<br>La soci\u00e9t\u00e9 Top Assets ne peut \u00eatre tenu pour responsable pour toute information erron\u00e9e propos\u00e9e par un utilisateur du site.<\/p>\n\n\n\n<h4 class=\"wp-block-heading\">6. Propri\u00e9t\u00e9 intellectuelle<\/h4>\n\n\n\n<p>Les \u00e9l\u00e9ments du site (graphiques et donn\u00e9es) sont la propri\u00e9t\u00e9 de Top Assets.<br>Toute reproduction, repr\u00e9sentation totale ou partielle d&#8217;un \u00e9l\u00e9ment composant le site, constitue une contrefa\u00e7on et sera sanctionn\u00e9e \u00e0 ce titre.<\/p>\n\n\n\n<h4 class=\"wp-block-heading\">7. Cookies<\/h4>\n\n\n\n<p>Le site&nbsp;<a href=\"http:\/\/www.mobilier-design-occasion.fr\/\">www.mobilier-design-occasion.fr<\/a>&nbsp;fait appel \u00e0 des r\u00e9gies de publicit\u00e9 tierces, telles que Google AdSense, pour assurer la diffusion d&#8217;annonces sur son m\u00e9dia. Ces entreprises peuvent utiliser les donn\u00e9es relatives \u00e0 votre navigation sur le site Web ou d&#8217;autres sites (\u00e0 l&#8217;exception de votre nom, adresse postale, adresse e-mail ou num\u00e9ro de t\u00e9l\u00e9phone) afin de vous proposer des annonces de produits ou services adapt\u00e9es \u00e0 vos centres d&#8217;int\u00e9r\u00eat. Pour en savoir plus sur cette pratique ou sur la possibilit\u00e9 d&#8217;interdire l&#8217;utilisation de ces donn\u00e9es par ces entreprises,&nbsp;<a href=\"http:\/\/www.google.com\/policies\/technologies\/ads\/\" target=\"_blank\" rel=\"noreferrer noopener\">cliquez ici<\/a>.<\/p>\n\n\n\n<p>Mobilier-design-occasion.fr participe et est conforme \u00e0 l&#8217;ensemble des Sp\u00e9cifications et Politiques du Transparency &amp; Consent Framework de l&#8217;IAB Europe. Il&nbsp;utilise la Consent Management Platform n\u00b092.<\/p>\n\n\n\n<p>Vous pouvez modifier vos choix \u00e0 tout moment en&nbsp;<a href=\"javascript:Sddan.cmp.displayUI()\">cliquant ici<\/a>.<\/p>\n\n\n\n<h3 class=\"wp-block-heading\">CONDITIONS G\u00c9N\u00c9RALES DE DIFFUSION<\/h3>\n\n\n\n<h4 class=\"wp-block-heading\">1. Acceptation des conditions g\u00e9n\u00e9rales de diffusion<\/h4>\n\n\n\n<p>La diffusion d&#8217;une petite annonce diffus\u00e9e sur le site internet&nbsp;<a href=\"http:\/\/www.mobilier-design-occasion.fr\/\">www.mobilier-design-occasion.fr<\/a>&nbsp;\u00e9dit\u00e9 par la soci\u00e9t\u00e9 TOP ASSETS SRL, implique pour l&#8217;annonceur, l&#8217;acceptation sans r\u00e9serve des conditions g\u00e9n\u00e9rales de d&#8217;utilisation et des conditions g\u00e9n\u00e9rales de diffusion.<\/p>\n\n\n\n<h4 class=\"wp-block-heading\">2. Diffusion<\/h4>\n\n\n\n<p>L&#8217;annonceur reconna\u00eet \u00eatre l&#8217;auteur unique et exclusif du texte de l&#8217;annonce, il d\u00e9clare disposer de tous les droits et autorisations n\u00e9cessaires \u00e0 la parution de l&#8217;annonce. L&#8217;annonceur assume l&#8217;enti\u00e8re responsabilit\u00e9 de la diffusion de son annonce.<\/p>\n","protected":false},"excerpt":{"rendered":"<p>CONDITIONS G\u00c9N\u00c9RALES D&#8217;UTILISATION ET DE DIFFUSION DU SITE WWW.MOBILIER-DESIGN-OCCASION.FR Informations l\u00e9gales Editeur :Le site www.mobilier-design-occasion.fr est \u00e9dit\u00e9 par TOP ASSETS SRL&nbsp;au capital de 50 000 eurosTVA BE 0678.995.347Adresse du si\u00e8ge social : rue du planois. 7090 Braine-le-comte.Contact :&nbsp;https:\/\/www.mobilier-design-occasion.fr\/contact-us.html H\u00e9bergement : Ionos Adresse du si\u00e8ge social : 7 Place de la Gare, 57200 Sarreguemines, France Conditions [&hellip;]<\/p>\n","protected":false},"author":2,"featured_media":0,"parent":0,"menu_order":0,"comment_status":"closed","ping_status":"closed","template":"","meta":{"footnotes":""},"class_list":["post-6819","page","type-page","status-publish","hentry"],"yoast_head":"<!-- This site is optimized with the Yoast SEO plugin v27.4 - https:\/\/yoast.com\/product\/yoast-seo-wordpress\/ -->\n<title>Mentions L\u00e9gales - Mobilier Design Magazine<\/title>\n<meta name=\"robots\" content=\"index, follow, max-snippet:-1, max-image-preview:large, max-video-preview:-1\" \/>\n<link rel=\"canonical\" href=\"https:\/\/www.mobilier-design-occasion.fr\/magazine\/mentions-legales\/\" \/>\n<meta property=\"og:locale\" content=\"fr_FR\" \/>\n<meta property=\"og:type\" content=\"article\" \/>\n<meta property=\"og:title\" content=\"Mentions L\u00e9gales - Mobilier Design Magazine\" \/>\n<meta property=\"og:description\" content=\"CONDITIONS G\u00c9N\u00c9RALES D&#8217;UTILISATION ET DE DIFFUSION DU SITE WWW.MOBILIER-DESIGN-OCCASION.FR Informations l\u00e9gales Editeur :Le site www.mobilier-design-occasion.fr est \u00e9dit\u00e9 par TOP ASSETS SRL&nbsp;au capital de 50 000 eurosTVA BE 0678.995.347Adresse du si\u00e8ge social : rue du planois. 7090 Braine-le-comte.Contact :&nbsp;https:\/\/www.mobilier-design-occasion.fr\/contact-us.html H\u00e9bergement : Ionos Adresse du si\u00e8ge social : 7 Place de la Gare, 57200 Sarreguemines, France Conditions [&hellip;]\" \/>\n<meta property=\"og:url\" content=\"https:\/\/www.mobilier-design-occasion.fr\/magazine\/mentions-legales\/\" \/>\n<meta property=\"og:site_name\" content=\"Mobilier Design Magazine\" \/>\n<meta property=\"article:publisher\" content=\"https:\/\/www.facebook.com\/mobilierdesignoccasion\" \/>\n<meta property=\"article:modified_time\" content=\"2023-09-26T07:37:13+00:00\" \/>\n<meta name=\"twitter:card\" content=\"summary_large_image\" \/>\n<meta name=\"twitter:label1\" content=\"Dur\u00e9e de lecture estim\u00e9e\" \/>\n\t<meta name=\"twitter:data1\" content=\"3 minutes\" \/>\n<script type=\"application\/ld+json\" class=\"yoast-schema-graph\">{\"@context\":\"https:\\\/\\\/schema.org\",\"@graph\":[{\"@type\":\"WebPage\",\"@id\":\"https:\\\/\\\/www.mobilier-design-occasion.fr\\\/magazine\\\/mentions-legales\\\/\",\"url\":\"https:\\\/\\\/www.mobilier-design-occasion.fr\\\/magazine\\\/mentions-legales\\\/\",\"name\":\"Mentions L\u00e9gales - Mobilier Design Magazine\",\"isPartOf\":{\"@id\":\"https:\\\/\\\/www.mobilier-design-occasion.fr\\\/magazine\\\/#website\"},\"datePublished\":\"2023-09-26T07:37:12+00:00\",\"dateModified\":\"2023-09-26T07:37:13+00:00\",\"breadcrumb\":{\"@id\":\"https:\\\/\\\/www.mobilier-design-occasion.fr\\\/magazine\\\/mentions-legales\\\/#breadcrumb\"},\"inLanguage\":\"fr-FR\",\"potentialAction\":[{\"@type\":\"ReadAction\",\"target\":[\"https:\\\/\\\/www.mobilier-design-occasion.fr\\\/magazine\\\/mentions-legales\\\/\"]}]},{\"@type\":\"BreadcrumbList\",\"@id\":\"https:\\\/\\\/www.mobilier-design-occasion.fr\\\/magazine\\\/mentions-legales\\\/#breadcrumb\",\"itemListElement\":[{\"@type\":\"ListItem\",\"position\":1,\"name\":\"Accueil\",\"item\":\"https:\\\/\\\/www.mobilier-design-occasion.fr\\\/magazine\\\/\"},{\"@type\":\"ListItem\",\"position\":2,\"name\":\"Mentions L\u00e9gales\"}]},{\"@type\":\"WebSite\",\"@id\":\"https:\\\/\\\/www.mobilier-design-occasion.fr\\\/magazine\\\/#website\",\"url\":\"https:\\\/\\\/www.mobilier-design-occasion.fr\\\/magazine\\\/\",\"name\":\"Mobilier Design Magazine\",\"description\":\"\",\"publisher\":{\"@id\":\"https:\\\/\\\/www.mobilier-design-occasion.fr\\\/magazine\\\/#organization\"},\"potentialAction\":[{\"@type\":\"SearchAction\",\"target\":{\"@type\":\"EntryPoint\",\"urlTemplate\":\"https:\\\/\\\/www.mobilier-design-occasion.fr\\\/magazine\\\/?s={search_term_string}\"},\"query-input\":{\"@type\":\"PropertyValueSpecification\",\"valueRequired\":true,\"valueName\":\"search_term_string\"}}],\"inLanguage\":\"fr-FR\"},{\"@type\":\"Organization\",\"@id\":\"https:\\\/\\\/www.mobilier-design-occasion.fr\\\/magazine\\\/#organization\",\"name\":\"Mobilier Design Magazine\",\"url\":\"https:\\\/\\\/www.mobilier-design-occasion.fr\\\/magazine\\\/\",\"logo\":{\"@type\":\"ImageObject\",\"inLanguage\":\"fr-FR\",\"@id\":\"https:\\\/\\\/www.mobilier-design-occasion.fr\\\/magazine\\\/#\\\/schema\\\/logo\\\/image\\\/\",\"url\":\"https:\\\/\\\/www.mobilier-design-occasion.fr\\\/magazine\\\/wp-content\\\/uploads\\\/2024\\\/02\\\/android-chrome-192x192-1.png\",\"contentUrl\":\"https:\\\/\\\/www.mobilier-design-occasion.fr\\\/magazine\\\/wp-content\\\/uploads\\\/2024\\\/02\\\/android-chrome-192x192-1.png\",\"width\":192,\"height\":192,\"caption\":\"Mobilier Design Magazine\"},\"image\":{\"@id\":\"https:\\\/\\\/www.mobilier-design-occasion.fr\\\/magazine\\\/#\\\/schema\\\/logo\\\/image\\\/\"},\"sameAs\":[\"https:\\\/\\\/www.facebook.com\\\/mobilierdesignoccasion\"]}]}<\/script>\n<!-- \/ Yoast SEO plugin. -->","yoast_head_json":{"title":"Mentions L\u00e9gales - Mobilier Design Magazine","robots":{"index":"index","follow":"follow","max-snippet":"max-snippet:-1","max-image-preview":"max-image-preview:large","max-video-preview":"max-video-preview:-1"},"canonical":"https:\/\/www.mobilier-design-occasion.fr\/magazine\/mentions-legales\/","og_locale":"fr_FR","og_type":"article","og_title":"Mentions L\u00e9gales - Mobilier Design Magazine","og_description":"CONDITIONS G\u00c9N\u00c9RALES D&#8217;UTILISATION ET DE DIFFUSION DU SITE WWW.MOBILIER-DESIGN-OCCASION.FR Informations l\u00e9gales Editeur :Le site www.mobilier-design-occasion.fr est \u00e9dit\u00e9 par TOP ASSETS SRL&nbsp;au capital de 50 000 eurosTVA BE 0678.995.347Adresse du si\u00e8ge social : rue du planois. 7090 Braine-le-comte.Contact :&nbsp;https:\/\/www.mobilier-design-occasion.fr\/contact-us.html H\u00e9bergement : Ionos Adresse du si\u00e8ge social : 7 Place de la Gare, 57200 Sarreguemines, France Conditions [&hellip;]","og_url":"https:\/\/www.mobilier-design-occasion.fr\/magazine\/mentions-legales\/","og_site_name":"Mobilier Design Magazine","article_publisher":"https:\/\/www.facebook.com\/mobilierdesignoccasion","article_modified_time":"2023-09-26T07:37:13+00:00","twitter_card":"summary_large_image","twitter_misc":{"Dur\u00e9e de lecture estim\u00e9e":"3 minutes"},"schema":{"@context":"https:\/\/schema.org","@graph":[{"@type":"WebPage","@id":"https:\/\/www.mobilier-design-occasion.fr\/magazine\/mentions-legales\/","url":"https:\/\/www.mobilier-design-occasion.fr\/magazine\/mentions-legales\/","name":"Mentions L\u00e9gales - Mobilier Design Magazine","isPartOf":{"@id":"https:\/\/www.mobilier-design-occasion.fr\/magazine\/#website"},"datePublished":"2023-09-26T07:37:12+00:00","dateModified":"2023-09-26T07:37:13+00:00","breadcrumb":{"@id":"https:\/\/www.mobilier-design-occasion.fr\/magazine\/mentions-legales\/#breadcrumb"},"inLanguage":"fr-FR","potentialAction":[{"@type":"ReadAction","target":["https:\/\/www.mobilier-design-occasion.fr\/magazine\/mentions-legales\/"]}]},{"@type":"BreadcrumbList","@id":"https:\/\/www.mobilier-design-occasion.fr\/magazine\/mentions-legales\/#breadcrumb","itemListElement":[{"@type":"ListItem","position":1,"name":"Accueil","item":"https:\/\/www.mobilier-design-occasion.fr\/magazine\/"},{"@type":"ListItem","position":2,"name":"Mentions L\u00e9gales"}]},{"@type":"WebSite","@id":"https:\/\/www.mobilier-design-occasion.fr\/magazine\/#website","url":"https:\/\/www.mobilier-design-occasion.fr\/magazine\/","name":"Mobilier Design Magazine","description":"","publisher":{"@id":"https:\/\/www.mobilier-design-occasion.fr\/magazine\/#organization"},"potentialAction":[{"@type":"SearchAction","target":{"@type":"EntryPoint","urlTemplate":"https:\/\/www.mobilier-design-occasion.fr\/magazine\/?s={search_term_string}"},"query-input":{"@type":"PropertyValueSpecification","valueRequired":true,"valueName":"search_term_string"}}],"inLanguage":"fr-FR"},{"@type":"Organization","@id":"https:\/\/www.mobilier-design-occasion.fr\/magazine\/#organization","name":"Mobilier Design Magazine","url":"https:\/\/www.mobilier-design-occasion.fr\/magazine\/","logo":{"@type":"ImageObject","inLanguage":"fr-FR","@id":"https:\/\/www.mobilier-design-occasion.fr\/magazine\/#\/schema\/logo\/image\/","url":"https:\/\/www.mobilier-design-occasion.fr\/magazine\/wp-content\/uploads\/2024\/02\/android-chrome-192x192-1.png","contentUrl":"https:\/\/www.mobilier-design-occasion.fr\/magazine\/wp-content\/uploads\/2024\/02\/android-chrome-192x192-1.png","width":192,"height":192,"caption":"Mobilier Design Magazine"},"image":{"@id":"https:\/\/www.mobilier-design-occasion.fr\/magazine\/#\/schema\/logo\/image\/"},"sameAs":["https:\/\/www.facebook.com\/mobilierdesignoccasion"]}]}},"_links":{"self":[{"href":"https:\/\/www.mobilier-design-occasion.fr\/magazine\/wp-json\/wp\/v2\/pages\/6819","targetHints":{"allow":["GET"]}}],"collection":[{"href":"https:\/\/www.mobilier-design-occasion.fr\/magazine\/wp-json\/wp\/v2\/pages"}],"about":[{"href":"https:\/\/www.mobilier-design-occasion.fr\/magazine\/wp-json\/wp\/v2\/types\/page"}],"author":[{"embeddable":true,"href":"https:\/\/www.mobilier-design-occasion.fr\/magazine\/wp-json\/wp\/v2\/users\/2"}],"replies":[{"embeddable":true,"href":"https:\/\/www.mobilier-design-occasion.fr\/magazine\/wp-json\/wp\/v2\/comments?post=6819"}],"version-history":[{"count":1,"href":"https:\/\/www.mobilier-design-occasion.fr\/magazine\/wp-json\/wp\/v2\/pages\/6819\/revisions"}],"predecessor-version":[{"id":6820,"href":"https:\/\/www.mobilier-design-occasion.fr\/magazine\/wp-json\/wp\/v2\/pages\/6819\/revisions\/6820"}],"wp:attachment":[{"href":"https:\/\/www.mobilier-design-occasion.fr\/magazine\/wp-json\/wp\/v2\/media?parent=6819"}],"curies":[{"name":"wp","href":"https:\/\/api.w.org\/{rel}","templated":true}]}}